{"id":737,"date":"2023-10-22T09:46:22","date_gmt":"2023-10-22T07:46:22","guid":{"rendered":"https:\/\/training.greencoolproject.eu\/home\/"},"modified":"2025-01-17T13:53:46","modified_gmt":"2025-01-17T12:53:46","slug":"home","status":"publish","type":"page","link":"https:\/\/training.greencoolproject.eu\/et\/","title":{"rendered":"Home"},"content":{"rendered":"\t\t<div data-elementor-type=\"wp-page\" data-elementor-id=\"737\" class=\"elementor elementor-737 elementor-47\">\n\t\t\t\t<div class=\"elementor-element elementor-element-1d51fe5 e-con-full e-flex e-con e-parent\" data-id=\"1d51fe5\" data-element_type=\"container\" data-e-type=\"container\">\n\t\t\t\t<div class=\"elementor-element elementor-element-79cfde1 elementor-widget elementor-widget-image\" data-id=\"79cfde1\" data-element_type=\"widget\" data-e-type=\"widget\" data-widget_type=\"image.default\">\n\t\t\t\t<div class=\"elementor-widget-container\">\n\t\t\t\t\t\t\t\t\t\t\t\t\t\t\t<img fetchpriority=\"high\" decoding=\"async\" width=\"1440\" height=\"422\" src=\"https:\/\/training.greencoolproject.eu\/wp-content\/uploads\/2023\/10\/forest-silhouettes-people-jumping-with-joy-forest-environment-conservation-concept-02-1.png\" class=\"attachment-full size-full wp-image-52\" alt=\"\" srcset=\"https:\/\/training.greencoolproject.eu\/wp-content\/uploads\/2023\/10\/forest-silhouettes-people-jumping-with-joy-forest-environment-conservation-concept-02-1.png 1440w, https:\/\/training.greencoolproject.eu\/wp-content\/uploads\/2023\/10\/forest-silhouettes-people-jumping-with-joy-forest-environment-conservation-concept-02-1-300x88.png 300w, https:\/\/training.greencoolproject.eu\/wp-content\/uploads\/2023\/10\/forest-silhouettes-people-jumping-with-joy-forest-environment-conservation-concept-02-1-1024x300.png 1024w, https:\/\/training.greencoolproject.eu\/wp-content\/uploads\/2023\/10\/forest-silhouettes-people-jumping-with-joy-forest-environment-conservation-concept-02-1-768x225.png 768w\" sizes=\"(max-width: 1440px) 100vw, 1440px\" \/>\t\t\t\t\t\t\t\t\t\t\t\t\t\t\t<\/div>\n\t\t\t\t<\/div>\n\t\t\t\t<div class=\"elementor-element elementor-element-4478530 elementor-align-center elementor-widget elementor-widget-button\" data-id=\"4478530\" data-element_type=\"widget\" data-e-type=\"widget\" data-widget_type=\"button.default\">\n\t\t\t\t<div class=\"elementor-widget-container\">\n\t\t\t\t\t\t\t\t\t<div class=\"elementor-button-wrapper\">\n\t\t\t\t\t<a class=\"elementor-button elementor-button-link elementor-size-sm\" href=\"https:\/\/training.greencoolproject.eu\/et\/courses\/greencool\/lessons\/kirjeldus\/\">\n\t\t\t\t\t\t<span class=\"elementor-button-content-wrapper\">\n\t\t\t\t\t\t\t\t\t<span class=\"elementor-button-text\">SISENE PLATVORMILE<\/span>\n\t\t\t\t\t<\/span>\n\t\t\t\t\t<\/a>\n\t\t\t\t<\/div>\n\t\t\t\t\t\t\t\t<\/div>\n\t\t\t\t<\/div>\n\t\t\t\t<\/div>\n\t\t<div class=\"elementor-element elementor-element-5a48275 e-flex e-con-boxed e-con e-parent\" data-id=\"5a48275\" data-element_type=\"container\" data-e-type=\"container\">\n\t\t\t\t\t<div class=\"e-con-inner\">\n\t\t<div class=\"elementor-element elementor-element-f8c706b e-con-full e-flex e-con e-child\" data-id=\"f8c706b\" data-element_type=\"container\" data-e-type=\"container\">\n\t\t\t\t<div class=\"elementor-element elementor-element-e1aa679 elementor-widget elementor-widget-text-editor\" data-id=\"e1aa679\" data-element_type=\"widget\" data-e-type=\"widget\" data-widget_type=\"text-editor.default\">\n\t\t\t\t<div class=\"elementor-widget-container\">\n\t\t\t\t\t\t\t\t\t<p><strong>Tere tulemast GreenCool veebikursusele!<\/strong><\/p>\n<p>Olete sisenemas maailma, mis \u00fchendab roheteemalised probleemid kommunikatsioonimeetodite ja-tehnikatega. Selle rohelise tee l\u00e4bimine 5 s\u00fcstemaatiliselt loodud mooduli abil saate m\u00f5ista, \u00f5ppida, inspireeruda, et omada arvamust roheteemaliste probleemide kohta ja ennast parimal v\u00f5imalikul viisil v\u00e4ljendada.<\/p>\n\t\t\t\t\t\t\t\t<\/div>\n\t\t\t\t<\/div>\n\t\t\t\t<\/div>\n\t\t<div class=\"elementor-element elementor-element-ba09f63 e-con-full e-flex e-con e-child\" data-id=\"ba09f63\" data-element_type=\"container\" data-e-type=\"container\">\n\t\t\t\t<div class=\"elementor-element elementor-element-32ea5a0 elementor-widget elementor-widget-text-editor\" data-id=\"32ea5a0\" data-element_type=\"widget\" data-e-type=\"widget\" data-widget_type=\"text-editor.default\">\n\t\t\t\t<div class=\"elementor-widget-container\">\n\t\t\t\t\t\t\t\t\t<p>Sellega seoses v\u00f5ib see kursus olla v\u00e4ga v\u00e4\u00e4rtuslik \u00fcksikisikutele, organisatsioonidele ja osalejatele avalikus, era- ja kolmandas sektoris, keskkonna-ja kommunikatsioonihariduse pakkujatele ning k\u00f5igile, kes soovivad saada keskkonnakaitse kohta rohkem teada!<\/p>\n<p>K\u00fcsimuste, p\u00e4ringute v\u00f5i probleemide korral v\u00f5tke meiega \u00fchendust aadressil info@militos.org<\/p>\n\t\t\t\t\t\t\t\t<\/div>\n\t\t\t\t<\/div>\n\t\t\t\t<\/div>\n\t\t\t\t\t<\/div>\n\t\t\t\t<\/div>\n\t\t<div class=\"elementor-element elementor-element-08c4533 e-flex e-con-boxed e-con e-parent\" data-id=\"08c4533\" data-element_type=\"container\" data-e-type=\"container\">\n\t\t\t\t\t<div class=\"e-con-inner\">\n\t\t\t\t<div class=\"elementor-element elementor-element-16f5237 elementor-widget elementor-widget-text-editor\" data-id=\"16f5237\" data-element_type=\"widget\" data-e-type=\"widget\" data-widget_type=\"text-editor.default\">\n\t\t\t\t<div class=\"elementor-widget-container\">\n\t\t\t\t\t\t\t\t\t<p><a href=\"http:\/\/creativecommons.org\/licenses\/by\/4.0\/\" rel=\"license\"><img decoding=\"async\" style=\"border-width: 0;\" src=\"https:\/\/i.creativecommons.org\/l\/by\/4.0\/88x31.png\" alt=\"Creative Commons License\"><\/a><br \/>This work is licensed under a <a href=\"http:\/\/creativecommons.org\/licenses\/by\/4.0\/\" rel=\"license\">Creative Commons Attribution 4.0 International License<\/a>.<\/p>\n\t\t\t\t\t\t\t\t<\/div>\n\t\t\t\t<\/div>\n\t\t\t\t\t<\/div>\n\t\t\t\t<\/div>\n\t\t\t\t<\/div>\n\t\t","protected":false},"excerpt":{"rendered":"<p>SISENE PLATVORMILE Tere tulemast GreenCool veebikursusele! Olete sisenemas maailma, mis \u00fchendab roheteemalised probleemid kommunikatsioonimeetodite ja-tehnikatega. Selle rohelise tee l\u00e4bimine 5 [&hellip;]<\/p>\n","protected":false},"author":4,"featured_media":0,"parent":0,"menu_order":0,"comment_status":"closed","ping_status":"closed","template":"","meta":{"_acf_changed":false,"site-sidebar-layout":"no-sidebar","site-content-layout":"","ast-site-content-layout":"full-width-container","site-content-style":"default","site-sidebar-style":"default","ast-global-header-display":"","ast-banner-title-visibility":"","ast-main-header-display":"","ast-hfb-above-header-display":"","ast-hfb-below-header-display":"","ast-hfb-mobile-header-display":"","site-post-title":"disabled","ast-breadcrumbs-content":"","ast-featured-img":"disabled","footer-sml-layout":"","ast-disable-related-posts":"","theme-transparent-header-meta":"","adv-header-id-meta":"","stick-header-meta":"","header-above-stick-meta":"","header-main-stick-meta":"","header-below-stick-meta":"","astra-migrate-meta-layouts":"default","ast-page-background-enabled":"default","ast-page-background-meta":{"desktop":{"background-color":"var(--ast-global-color-4)","background-image":"","background-repeat":"repeat","background-position":"center center","background-size":"auto","background-attachment":"scroll","background-type":"","background-media":"","overlay-type":"","overlay-color":"","overlay-opacity":"","overlay-gradient":""},"tablet":{"background-color":"","background-image":"","background-repeat":"repeat","background-position":"center center","background-size":"auto","background-attachment":"scroll","background-type":"","background-media":"","overlay-type":"","overlay-color":"","overlay-opacity":"","overlay-gradient":""},"mobile":{"background-color":"","background-image":"","background-repeat":"repeat","background-position":"center center","background-size":"auto","background-attachment":"scroll","background-type":"","background-media":"","overlay-type":"","overlay-color":"","overlay-opacity":"","overlay-gradient":""}},"ast-content-background-meta":{"desktop":{"background-color":"var(--ast-global-color-5)","background-image":"","background-repeat":"repeat","background-position":"center center","background-size":"auto","background-attachment":"scroll","background-type":"","background-media":"","overlay-type":"","overlay-color":"","overlay-opacity":"","overlay-gradient":""},"tablet":{"background-color":"var(--ast-global-color-5)","background-image":"","background-repeat":"repeat","background-position":"center center","background-size":"auto","background-attachment":"scroll","background-type":"","background-media":"","overlay-type":"","overlay-color":"","overlay-opacity":"","overlay-gradient":""},"mobile":{"background-color":"var(--ast-global-color-5)","background-image":"","background-repeat":"repeat","background-position":"center center","background-size":"auto","background-attachment":"scroll","background-type":"","background-media":"","overlay-type":"","overlay-color":"","overlay-opacity":"","overlay-gradient":""}},"footnotes":""},"class_list":["post-737","page","type-page","status-publish","hentry"],"acf":[],"_links":{"self":[{"href":"https:\/\/training.greencoolproject.eu\/et\/wp-json\/wp\/v2\/pages\/737","targetHints":{"allow":["GET"]}}],"collection":[{"href":"https:\/\/training.greencoolproject.eu\/et\/wp-json\/wp\/v2\/pages"}],"about":[{"href":"https:\/\/training.greencoolproject.eu\/et\/wp-json\/wp\/v2\/types\/page"}],"author":[{"embeddable":true,"href":"https:\/\/training.greencoolproject.eu\/et\/wp-json\/wp\/v2\/users\/4"}],"replies":[{"embeddable":true,"href":"https:\/\/training.greencoolproject.eu\/et\/wp-json\/wp\/v2\/comments?post=737"}],"version-history":[{"count":4,"href":"https:\/\/training.greencoolproject.eu\/et\/wp-json\/wp\/v2\/pages\/737\/revisions"}],"predecessor-version":[{"id":1921,"href":"https:\/\/training.greencoolproject.eu\/et\/wp-json\/wp\/v2\/pages\/737\/revisions\/1921"}],"wp:attachment":[{"href":"https:\/\/training.greencoolproject.eu\/et\/wp-json\/wp\/v2\/media?parent=737"}],"curies":[{"name":"wp","href":"https:\/\/api.w.org\/{rel}","templated":true}]}}