{"id":738,"date":"2023-10-22T09:46:22","date_gmt":"2023-10-22T07:46:22","guid":{"rendered":"https:\/\/training.greencoolproject.eu\/home\/"},"modified":"2025-01-17T13:55:29","modified_gmt":"2025-01-17T12:55:29","slug":"home","status":"publish","type":"page","link":"https:\/\/training.greencoolproject.eu\/hu\/","title":{"rendered":"Home"},"content":{"rendered":"\t\t<div data-elementor-type=\"wp-page\" data-elementor-id=\"738\" class=\"elementor elementor-738 elementor-47\">\n\t\t\t\t<div class=\"elementor-element elementor-element-1d51fe5 e-con-full e-flex e-con e-parent\" data-id=\"1d51fe5\" data-element_type=\"container\" data-e-type=\"container\">\n\t\t\t\t<div class=\"elementor-element elementor-element-79cfde1 elementor-widget elementor-widget-image\" data-id=\"79cfde1\" data-element_type=\"widget\" data-e-type=\"widget\" data-widget_type=\"image.default\">\n\t\t\t\t<div class=\"elementor-widget-container\">\n\t\t\t\t\t\t\t\t\t\t\t\t\t\t\t<img fetchpriority=\"high\" decoding=\"async\" width=\"1440\" height=\"422\" src=\"https:\/\/training.greencoolproject.eu\/wp-content\/uploads\/2023\/10\/forest-silhouettes-people-jumping-with-joy-forest-environment-conservation-concept-02-1.png\" class=\"attachment-full size-full wp-image-54\" alt=\"\" srcset=\"https:\/\/training.greencoolproject.eu\/wp-content\/uploads\/2023\/10\/forest-silhouettes-people-jumping-with-joy-forest-environment-conservation-concept-02-1.png 1440w, https:\/\/training.greencoolproject.eu\/wp-content\/uploads\/2023\/10\/forest-silhouettes-people-jumping-with-joy-forest-environment-conservation-concept-02-1-300x88.png 300w, https:\/\/training.greencoolproject.eu\/wp-content\/uploads\/2023\/10\/forest-silhouettes-people-jumping-with-joy-forest-environment-conservation-concept-02-1-1024x300.png 1024w, https:\/\/training.greencoolproject.eu\/wp-content\/uploads\/2023\/10\/forest-silhouettes-people-jumping-with-joy-forest-environment-conservation-concept-02-1-768x225.png 768w\" sizes=\"(max-width: 1440px) 100vw, 1440px\" \/>\t\t\t\t\t\t\t\t\t\t\t\t\t\t\t<\/div>\n\t\t\t\t<\/div>\n\t\t\t\t<div class=\"elementor-element elementor-element-4478530 elementor-align-center elementor-widget elementor-widget-button\" data-id=\"4478530\" data-element_type=\"widget\" data-e-type=\"widget\" data-widget_type=\"button.default\">\n\t\t\t\t<div class=\"elementor-widget-container\">\n\t\t\t\t\t\t\t\t\t<div class=\"elementor-button-wrapper\">\n\t\t\t\t\t<a class=\"elementor-button elementor-button-link elementor-size-sm\" href=\"https:\/\/training.greencoolproject.eu\/hu\/courses\/greencool\/lessons\/udvozoljuk-a-greencool-online-kurzuson-olyan-vilagba-lepsz-be-amely-a-zold-temakat-kommunikacios-modszerekkel-es-technikakkal-otvozi-vegigjarva-ezt-a-zold-utat-a-szisztematikusan-felepitett-5-modul\/\">\n\t\t\t\t\t\t<span class=\"elementor-button-content-wrapper\">\n\t\t\t\t\t\t\t\t\t<span class=\"elementor-button-text\">BEL\u00c9P\u00c9S A PLATFORMRA<\/span>\n\t\t\t\t\t<\/span>\n\t\t\t\t\t<\/a>\n\t\t\t\t<\/div>\n\t\t\t\t\t\t\t\t<\/div>\n\t\t\t\t<\/div>\n\t\t\t\t<\/div>\n\t\t<div class=\"elementor-element elementor-element-5a48275 e-flex e-con-boxed e-con e-parent\" data-id=\"5a48275\" data-element_type=\"container\" data-e-type=\"container\">\n\t\t\t\t\t<div class=\"e-con-inner\">\n\t\t<div class=\"elementor-element elementor-element-f8c706b e-con-full e-flex e-con e-child\" data-id=\"f8c706b\" data-element_type=\"container\" data-e-type=\"container\">\n\t\t\t\t<div class=\"elementor-element elementor-element-e1aa679 elementor-widget elementor-widget-text-editor\" data-id=\"e1aa679\" data-element_type=\"widget\" data-e-type=\"widget\" data-widget_type=\"text-editor.default\">\n\t\t\t\t<div class=\"elementor-widget-container\">\n\t\t\t\t\t\t\t\t\t<p><strong>\u00dcdv\u00f6z\u00f6l\u00fcnk a GreenCool interakt\u00edv online k\u00e9pz\u00e9sen!<\/strong><\/p>\n<p>Bevezet\u00fcnk egy olyan vil\u00e1gba, amely a z\u00f6ld t\u00e9m\u00e1kat a kommunik\u00e1ci\u00f3s m\u00f3dszerekkel \u00e9s technik\u00e1kkal \u00f6tv\u00f6zi. V\u00e9gigj\u00e1rva ezt a z\u00f6ld utat a szisztematikusan fel\u00e9p\u00edtett 5 modul seg\u00edts\u00e9g\u00e9vel k\u00e9pes leszel meg\u00e9rteni, tanulni, inspir\u00e1l\u00f3dni, \u00e9s v\u00e9lem\u00e9nyt alkotni a t\u00e9m\u00e1ban, \u00fagy, hogy k\u00f6zben a lehet\u0151 legjobb m\u00f3don fejezed ki magad.<\/p>\n\t\t\t\t\t\t\t\t<\/div>\n\t\t\t\t<\/div>\n\t\t\t\t<\/div>\n\t\t<div class=\"elementor-element elementor-element-ba09f63 e-con-full e-flex e-con e-child\" data-id=\"ba09f63\" data-element_type=\"container\" data-e-type=\"container\">\n\t\t\t\t<div class=\"elementor-element elementor-element-32ea5a0 elementor-widget elementor-widget-text-editor\" data-id=\"32ea5a0\" data-element_type=\"widget\" data-e-type=\"widget\" data-widget_type=\"text-editor.default\">\n\t\t\t\t<div class=\"elementor-widget-container\">\n\t\t\t\t\t\t\t\t\t<p>E tekintetben ez a tanfolyam jelent\u0151s \u00e9rt\u00e9kkel b\u00edrhat az \u00fczleti, a civil \u00e9s a k\u00f6zszf\u00e9r\u00e1ban tev\u00e9kenyked\u0151 szem\u00e9lyek, szervezetek \u00e9s szerepl\u0151k, a k\u00f6rnyezetv\u00e9delmi \u00e9s kommunik\u00e1ci\u00f3s oktat\u00e1sban r\u00e9sztvev\u0151k, valamint minden olyan \u00e9rdekl\u0151d\u0151 sz\u00e1m\u00e1ra, aki a k\u00f6rnyezetv\u00e9delmi tudatoss\u00e1g megteremt\u00e9s\u00e9re t\u00f6rekszik!<\/p>\n<p>B\u00e1rmilyen k\u00e9rd\u00e9ssel vagy probl\u00e9m\u00e1val kapcsolatban k\u00e9rj\u00fck, fordulj hozz\u00e1nk a info@militos.org e-mail c\u00edmen.<\/p>\n\t\t\t\t\t\t\t\t<\/div>\n\t\t\t\t<\/div>\n\t\t\t\t<\/div>\n\t\t\t\t\t<\/div>\n\t\t\t\t<\/div>\n\t\t<div class=\"elementor-element elementor-element-08c4533 e-flex e-con-boxed e-con e-parent\" data-id=\"08c4533\" data-element_type=\"container\" data-e-type=\"container\">\n\t\t\t\t\t<div class=\"e-con-inner\">\n\t\t\t\t<div class=\"elementor-element elementor-element-16f5237 elementor-widget elementor-widget-text-editor\" data-id=\"16f5237\" data-element_type=\"widget\" data-e-type=\"widget\" data-widget_type=\"text-editor.default\">\n\t\t\t\t<div class=\"elementor-widget-container\">\n\t\t\t\t\t\t\t\t\t<p><a href=\"http:\/\/creativecommons.org\/licenses\/by\/4.0\/\" rel=\"license\"><img decoding=\"async\" style=\"border-width: 0;\" src=\"https:\/\/i.creativecommons.org\/l\/by\/4.0\/88x31.png\" alt=\"Creative Commons License\"><\/a><br \/>This work is licensed under a <a href=\"http:\/\/creativecommons.org\/licenses\/by\/4.0\/\" rel=\"license\">Creative Commons Attribution 4.0 International License<\/a>.<\/p>\n\t\t\t\t\t\t\t\t<\/div>\n\t\t\t\t<\/div>\n\t\t\t\t\t<\/div>\n\t\t\t\t<\/div>\n\t\t\t\t<\/div>\n\t\t","protected":false},"excerpt":{"rendered":"<p>BEL\u00c9P\u00c9S A PLATFORMRA \u00dcdv\u00f6z\u00f6l\u00fcnk a GreenCool interakt\u00edv online k\u00e9pz\u00e9sen! Bevezet\u00fcnk egy olyan vil\u00e1gba, amely a z\u00f6ld t\u00e9m\u00e1kat a kommunik\u00e1ci\u00f3s m\u00f3dszerekkel [&hellip;]<\/p>\n","protected":false},"author":4,"featured_media":0,"parent":0,"menu_order":0,"comment_status":"closed","ping_status":"closed","template":"","meta":{"_acf_changed":false,"site-sidebar-layout":"no-sidebar","site-content-layout":"","ast-site-content-layout":"full-width-container","site-content-style":"default","site-sidebar-style":"default","ast-global-header-display":"","ast-banner-title-visibility":"","ast-main-header-display":"","ast-hfb-above-header-display":"","ast-hfb-below-header-display":"","ast-hfb-mobile-header-display":"","site-post-title":"disabled","ast-breadcrumbs-content":"","ast-featured-img":"disabled","footer-sml-layout":"","ast-disable-related-posts":"","theme-transparent-header-meta":"","adv-header-id-meta":"","stick-header-meta":"","header-above-stick-meta":"","header-main-stick-meta":"","header-below-stick-meta":"","astra-migrate-meta-layouts":"default","ast-page-background-enabled":"default","ast-page-background-meta":{"desktop":{"background-color":"var(--ast-global-color-4)","background-image":"","background-repeat":"repeat","background-position":"center center","background-size":"auto","background-attachment":"scroll","background-type":"","background-media":"","overlay-type":"","overlay-color":"","overlay-opacity":"","overlay-gradient":""},"tablet":{"background-color":"","background-image":"","background-repeat":"repeat","background-position":"center center","background-size":"auto","background-attachment":"scroll","background-type":"","background-media":"","overlay-type":"","overlay-color":"","overlay-opacity":"","overlay-gradient":""},"mobile":{"background-color":"","background-image":"","background-repeat":"repeat","background-position":"center center","background-size":"auto","background-attachment":"scroll","background-type":"","background-media":"","overlay-type":"","overlay-color":"","overlay-opacity":"","overlay-gradient":""}},"ast-content-background-meta":{"desktop":{"background-color":"var(--ast-global-color-5)","background-image":"","background-repeat":"repeat","background-position":"center center","background-size":"auto","background-attachment":"scroll","background-type":"","background-media":"","overlay-type":"","overlay-color":"","overlay-opacity":"","overlay-gradient":""},"tablet":{"background-color":"var(--ast-global-color-5)","background-image":"","background-repeat":"repeat","background-position":"center center","background-size":"auto","background-attachment":"scroll","background-type":"","background-media":"","overlay-type":"","overlay-color":"","overlay-opacity":"","overlay-gradient":""},"mobile":{"background-color":"var(--ast-global-color-5)","background-image":"","background-repeat":"repeat","background-position":"center center","background-size":"auto","background-attachment":"scroll","background-type":"","background-media":"","overlay-type":"","overlay-color":"","overlay-opacity":"","overlay-gradient":""}},"footnotes":""},"class_list":["post-738","page","type-page","status-publish","hentry"],"acf":[],"_links":{"self":[{"href":"https:\/\/training.greencoolproject.eu\/hu\/wp-json\/wp\/v2\/pages\/738","targetHints":{"allow":["GET"]}}],"collection":[{"href":"https:\/\/training.greencoolproject.eu\/hu\/wp-json\/wp\/v2\/pages"}],"about":[{"href":"https:\/\/training.greencoolproject.eu\/hu\/wp-json\/wp\/v2\/types\/page"}],"author":[{"embeddable":true,"href":"https:\/\/training.greencoolproject.eu\/hu\/wp-json\/wp\/v2\/users\/4"}],"replies":[{"embeddable":true,"href":"https:\/\/training.greencoolproject.eu\/hu\/wp-json\/wp\/v2\/comments?post=738"}],"version-history":[{"count":2,"href":"https:\/\/training.greencoolproject.eu\/hu\/wp-json\/wp\/v2\/pages\/738\/revisions"}],"predecessor-version":[{"id":1924,"href":"https:\/\/training.greencoolproject.eu\/hu\/wp-json\/wp\/v2\/pages\/738\/revisions\/1924"}],"wp:attachment":[{"href":"https:\/\/training.greencoolproject.eu\/hu\/wp-json\/wp\/v2\/media?parent=738"}],"curies":[{"name":"wp","href":"https:\/\/api.w.org\/{rel}","templated":true}]}}