{"id":739,"date":"2023-10-22T09:46:22","date_gmt":"2023-10-22T07:46:22","guid":{"rendered":"https:\/\/training.greencoolproject.eu\/home\/"},"modified":"2025-01-17T13:56:38","modified_gmt":"2025-01-17T12:56:38","slug":"home","status":"publish","type":"page","link":"https:\/\/training.greencoolproject.eu\/ro\/","title":{"rendered":"Home"},"content":{"rendered":"\t\t<div data-elementor-type=\"wp-page\" data-elementor-id=\"739\" class=\"elementor elementor-739 elementor-47\">\n\t\t\t\t<div class=\"elementor-element elementor-element-1d51fe5 e-con-full e-flex e-con e-parent\" data-id=\"1d51fe5\" data-element_type=\"container\" data-e-type=\"container\">\n\t\t\t\t<div class=\"elementor-element elementor-element-79cfde1 elementor-widget elementor-widget-image\" data-id=\"79cfde1\" data-element_type=\"widget\" data-e-type=\"widget\" data-widget_type=\"image.default\">\n\t\t\t\t<div class=\"elementor-widget-container\">\n\t\t\t\t\t\t\t\t\t\t\t\t\t\t\t<img fetchpriority=\"high\" decoding=\"async\" width=\"1440\" height=\"422\" src=\"https:\/\/training.greencoolproject.eu\/wp-content\/uploads\/2023\/10\/forest-silhouettes-people-jumping-with-joy-forest-environment-conservation-concept-02-1.png\" class=\"attachment-full size-full wp-image-56\" alt=\"\" srcset=\"https:\/\/training.greencoolproject.eu\/wp-content\/uploads\/2023\/10\/forest-silhouettes-people-jumping-with-joy-forest-environment-conservation-concept-02-1.png 1440w, https:\/\/training.greencoolproject.eu\/wp-content\/uploads\/2023\/10\/forest-silhouettes-people-jumping-with-joy-forest-environment-conservation-concept-02-1-300x88.png 300w, https:\/\/training.greencoolproject.eu\/wp-content\/uploads\/2023\/10\/forest-silhouettes-people-jumping-with-joy-forest-environment-conservation-concept-02-1-1024x300.png 1024w, https:\/\/training.greencoolproject.eu\/wp-content\/uploads\/2023\/10\/forest-silhouettes-people-jumping-with-joy-forest-environment-conservation-concept-02-1-768x225.png 768w\" sizes=\"(max-width: 1440px) 100vw, 1440px\" \/>\t\t\t\t\t\t\t\t\t\t\t\t\t\t\t<\/div>\n\t\t\t\t<\/div>\n\t\t\t\t<div class=\"elementor-element elementor-element-4478530 elementor-align-center elementor-widget elementor-widget-button\" data-id=\"4478530\" data-element_type=\"widget\" data-e-type=\"widget\" data-widget_type=\"button.default\">\n\t\t\t\t<div class=\"elementor-widget-container\">\n\t\t\t\t\t\t\t\t\t<div class=\"elementor-button-wrapper\">\n\t\t\t\t\t<a class=\"elementor-button elementor-button-link elementor-size-sm\" href=\"https:\/\/training.greencoolproject.eu\/ro\/courses\/greencool\/lessons\/descriere\/\">\n\t\t\t\t\t\t<span class=\"elementor-button-content-wrapper\">\n\t\t\t\t\t\t\t\t\t<span class=\"elementor-button-text\">INTR\u0102 \u00ceN PLATFORM\u0102<\/span>\n\t\t\t\t\t<\/span>\n\t\t\t\t\t<\/a>\n\t\t\t\t<\/div>\n\t\t\t\t\t\t\t\t<\/div>\n\t\t\t\t<\/div>\n\t\t\t\t<\/div>\n\t\t<div class=\"elementor-element elementor-element-5a48275 e-flex e-con-boxed e-con e-parent\" data-id=\"5a48275\" data-element_type=\"container\" data-e-type=\"container\">\n\t\t\t\t\t<div class=\"e-con-inner\">\n\t\t<div class=\"elementor-element elementor-element-f8c706b e-con-full e-flex e-con e-child\" data-id=\"f8c706b\" data-element_type=\"container\" data-e-type=\"container\">\n\t\t\t\t<div class=\"elementor-element elementor-element-e1aa679 elementor-widget elementor-widget-text-editor\" data-id=\"e1aa679\" data-element_type=\"widget\" data-e-type=\"widget\" data-widget_type=\"text-editor.default\">\n\t\t\t\t<div class=\"elementor-widget-container\">\n\t\t\t\t\t\t\t\t\t<p><strong>Bine ai venit la cursul online GreenCool!<\/strong><\/p>\n<p>E\u0219ti pe cale de a intra \u00eentr-o lume care \u00eembin\u0103 subiecte verzi cu metode \u0219i tehnici de comunicare. Parcurg\u00e2nd acest traseu verde cu ajutorul a 5 Module construite sistematic vei fi capabil s\u0103 \u00een\u021belegi, s\u0103 \u00eenve\u021bi \u0219i s\u0103 fi inspirat\/\u0103 pentru a avea o opinie despre aceste subiecte, precum \u0219i pentru a te exprima \u00een cel mai bun mod posibil.<\/p>\n\t\t\t\t\t\t\t\t<\/div>\n\t\t\t\t<\/div>\n\t\t\t\t<\/div>\n\t\t<div class=\"elementor-element elementor-element-ba09f63 e-con-full e-flex e-con e-child\" data-id=\"ba09f63\" data-element_type=\"container\" data-e-type=\"container\">\n\t\t\t\t<div class=\"elementor-element elementor-element-32ea5a0 elementor-widget elementor-widget-text-editor\" data-id=\"32ea5a0\" data-element_type=\"widget\" data-e-type=\"widget\" data-widget_type=\"text-editor.default\">\n\t\t\t\t<div class=\"elementor-widget-container\">\n\t\t\t\t\t\t\t\t\t<p>\u00cen acest scop, cursul poate fi valoros pentru indivizi, organiza\u021bii \u0219i actori publici, priva\u021bi sau ter\u021biari, pentru institu\u021biile de educa\u021bie despre mediu sau comunicare sau oricui interestat s\u0103 dezvolte con\u0219tientizarea cu privire la protec\u021bia mediului.<\/p>\n<p>Pentru orice \u00eentreb\u0103ri, nel\u0103muriri sau probleme \u00eent\u00e2mpinate, v\u0103 rug\u0103m s\u0103 ne contacta\u021bi la: info@militos.org<\/p>\n\t\t\t\t\t\t\t\t<\/div>\n\t\t\t\t<\/div>\n\t\t\t\t<\/div>\n\t\t\t\t\t<\/div>\n\t\t\t\t<\/div>\n\t\t<div class=\"elementor-element elementor-element-08c4533 e-flex e-con-boxed e-con e-parent\" data-id=\"08c4533\" data-element_type=\"container\" data-e-type=\"container\">\n\t\t\t\t\t<div class=\"e-con-inner\">\n\t\t\t\t<div class=\"elementor-element elementor-element-16f5237 elementor-widget elementor-widget-text-editor\" data-id=\"16f5237\" data-element_type=\"widget\" data-e-type=\"widget\" data-widget_type=\"text-editor.default\">\n\t\t\t\t<div class=\"elementor-widget-container\">\n\t\t\t\t\t\t\t\t\t<p><a href=\"http:\/\/creativecommons.org\/licenses\/by\/4.0\/\" rel=\"license\"><img decoding=\"async\" style=\"border-width: 0;\" src=\"https:\/\/i.creativecommons.org\/l\/by\/4.0\/88x31.png\" alt=\"Creative Commons License\"><\/a><br \/>This work is licensed under a <a href=\"http:\/\/creativecommons.org\/licenses\/by\/4.0\/\" rel=\"license\">Creative Commons Attribution 4.0 International License<\/a>.<\/p>\n\t\t\t\t\t\t\t\t<\/div>\n\t\t\t\t<\/div>\n\t\t\t\t\t<\/div>\n\t\t\t\t<\/div>\n\t\t\t\t<\/div>\n\t\t","protected":false},"excerpt":{"rendered":"<p>INTR\u0102 \u00ceN PLATFORM\u0102 Bine ai venit la cursul online GreenCool! E\u0219ti pe cale de a intra \u00eentr-o lume care \u00eembin\u0103 [&hellip;]<\/p>\n","protected":false},"author":4,"featured_media":0,"parent":0,"menu_order":0,"comment_status":"closed","ping_status":"closed","template":"","meta":{"_acf_changed":false,"site-sidebar-layout":"no-sidebar","site-content-layout":"","ast-site-content-layout":"full-width-container","site-content-style":"default","site-sidebar-style":"default","ast-global-header-display":"","ast-banner-title-visibility":"","ast-main-header-display":"","ast-hfb-above-header-display":"","ast-hfb-below-header-display":"","ast-hfb-mobile-header-display":"","site-post-title":"disabled","ast-breadcrumbs-content":"","ast-featured-img":"disabled","footer-sml-layout":"","ast-disable-related-posts":"","theme-transparent-header-meta":"","adv-header-id-meta":"","stick-header-meta":"","header-above-stick-meta":"","header-main-stick-meta":"","header-below-stick-meta":"","astra-migrate-meta-layouts":"default","ast-page-background-enabled":"default","ast-page-background-meta":{"desktop":{"background-color":"var(--ast-global-color-4)","background-image":"","background-repeat":"repeat","background-position":"center center","background-size":"auto","background-attachment":"scroll","background-type":"","background-media":"","overlay-type":"","overlay-color":"","overlay-opacity":"","overlay-gradient":""},"tablet":{"background-color":"","background-image":"","background-repeat":"repeat","background-position":"center center","background-size":"auto","background-attachment":"scroll","background-type":"","background-media":"","overlay-type":"","overlay-color":"","overlay-opacity":"","overlay-gradient":""},"mobile":{"background-color":"","background-image":"","background-repeat":"repeat","background-position":"center center","background-size":"auto","background-attachment":"scroll","background-type":"","background-media":"","overlay-type":"","overlay-color":"","overlay-opacity":"","overlay-gradient":""}},"ast-content-background-meta":{"desktop":{"background-color":"var(--ast-global-color-5)","background-image":"","background-repeat":"repeat","background-position":"center center","background-size":"auto","background-attachment":"scroll","background-type":"","background-media":"","overlay-type":"","overlay-color":"","overlay-opacity":"","overlay-gradient":""},"tablet":{"background-color":"var(--ast-global-color-5)","background-image":"","background-repeat":"repeat","background-position":"center center","background-size":"auto","background-attachment":"scroll","background-type":"","background-media":"","overlay-type":"","overlay-color":"","overlay-opacity":"","overlay-gradient":""},"mobile":{"background-color":"var(--ast-global-color-5)","background-image":"","background-repeat":"repeat","background-position":"center center","background-size":"auto","background-attachment":"scroll","background-type":"","background-media":"","overlay-type":"","overlay-color":"","overlay-opacity":"","overlay-gradient":""}},"footnotes":""},"class_list":["post-739","page","type-page","status-publish","hentry"],"acf":[],"_links":{"self":[{"href":"https:\/\/training.greencoolproject.eu\/ro\/wp-json\/wp\/v2\/pages\/739","targetHints":{"allow":["GET"]}}],"collection":[{"href":"https:\/\/training.greencoolproject.eu\/ro\/wp-json\/wp\/v2\/pages"}],"about":[{"href":"https:\/\/training.greencoolproject.eu\/ro\/wp-json\/wp\/v2\/types\/page"}],"author":[{"embeddable":true,"href":"https:\/\/training.greencoolproject.eu\/ro\/wp-json\/wp\/v2\/users\/4"}],"replies":[{"embeddable":true,"href":"https:\/\/training.greencoolproject.eu\/ro\/wp-json\/wp\/v2\/comments?post=739"}],"version-history":[{"count":6,"href":"https:\/\/training.greencoolproject.eu\/ro\/wp-json\/wp\/v2\/pages\/739\/revisions"}],"predecessor-version":[{"id":1926,"href":"https:\/\/training.greencoolproject.eu\/ro\/wp-json\/wp\/v2\/pages\/739\/revisions\/1926"}],"wp:attachment":[{"href":"https:\/\/training.greencoolproject.eu\/ro\/wp-json\/wp\/v2\/media?parent=739"}],"curies":[{"name":"wp","href":"https:\/\/api.w.org\/{rel}","templated":true}]}}